{"id":1020,"date":"2025-03-02T12:44:23","date_gmt":"2025-03-02T12:44:23","guid":{"rendered":"https:\/\/new.hotelparigi.it\/hotels\/"},"modified":"2025-04-13T10:42:09","modified_gmt":"2025-04-13T10:42:09","slug":"hotels","status":"publish","type":"page","link":"https:\/\/www.hotelparigi.it\/de\/hotels\/","title":{"rendered":"Hotels"},"content":{"rendered":"\t\t<div data-elementor-type=\"wp-page\" data-elementor-id=\"1020\" class=\"elementor elementor-1020 elementor-260\" data-elementor-post-type=\"page\">\n\t\t\t\t<div class=\"elementor-element elementor-element-1a960f0c e-con-full e-flex e-con e-parent\" data-id=\"1a960f0c\" data-element_type=\"container\" data-settings=\"{&quot;background_background&quot;:&quot;classic&quot;}\">\n\t\t<div class=\"elementor-element elementor-element-43f31a31 e-con-full e-flex e-con e-child\" data-id=\"43f31a31\" data-element_type=\"container\" data-settings=\"{&quot;background_background&quot;:&quot;classic&quot;,&quot;background_motion_fx_motion_fx_scrolling&quot;:&quot;yes&quot;,&quot;background_motion_fx_translateY_effect&quot;:&quot;yes&quot;,&quot;background_motion_fx_translateY_direction&quot;:&quot;negative&quot;,&quot;background_motion_fx_translateY_speed&quot;:{&quot;unit&quot;:&quot;px&quot;,&quot;size&quot;:1.5,&quot;sizes&quot;:[]},&quot;background_motion_fx_translateY_affectedRange&quot;:{&quot;unit&quot;:&quot;%&quot;,&quot;size&quot;:&quot;&quot;,&quot;sizes&quot;:{&quot;start&quot;:0,&quot;end&quot;:100}},&quot;background_motion_fx_devices&quot;:[&quot;desktop&quot;,&quot;tablet&quot;,&quot;mobile&quot;]}\">\n\t\t\t\t<\/div>\n\t\t<div class=\"elementor-element elementor-element-e6de64c e-flex e-con-boxed e-con e-child\" data-id=\"e6de64c\" data-element_type=\"container\">\n\t\t\t\t\t<div class=\"e-con-inner\">\n\t\t<div class=\"elementor-element elementor-element-5b6561a2 e-con-full e-flex e-con e-child\" data-id=\"5b6561a2\" data-element_type=\"container\">\n\t\t\t\t<div class=\"elementor-element elementor-element-6e21bd6a elementor-headline--style-rotate elementor-invisible elementor-widget elementor-widget-animated-headline\" data-id=\"6e21bd6a\" data-element_type=\"widget\" data-settings=\"{&quot;headline_style&quot;:&quot;rotate&quot;,&quot;animation_type&quot;:&quot;slide&quot;,&quot;rotating_text&quot;:&quot;Paris&quot;,&quot;_animation&quot;:&quot;fadeInLeft&quot;,&quot;rotate_iteration_delay&quot;:2500}\" data-widget_type=\"animated-headline.default\">\n\t\t\t\t<div class=\"elementor-widget-container\">\n\t\t\t\t\t\t\t<h2 class=\"elementor-headline elementor-headline-animation-type-slide\">\n\t\t\t\t\t<span class=\"elementor-headline-plain-text elementor-headline-text-wrapper\">Hotels<\/span>\n\t\t\t\t<span class=\"elementor-headline-dynamic-wrapper elementor-headline-text-wrapper\">\n\t\t\t\t\t<span class=\"elementor-headline-dynamic-text elementor-headline-text-active\">\n\t\t\t\tParis\t\t\t<\/span>\n\t\t\t\t\t\t<\/span>\n\t\t\t\t<\/h2>\n\t\t\t\t\t\t<\/div>\n\t\t\t\t<\/div>\n\t\t\t\t<div class=\"elementor-element elementor-element-0943f11 elementor-widget elementor-widget-text-editor\" data-id=\"0943f11\" data-element_type=\"widget\" data-widget_type=\"text-editor.default\">\n\t\t\t\t<div class=\"elementor-widget-container\">\n\t\t\t\t\t\t\t\t\t<div style=\"font-size: medium;background-color: transparent;font-family: sans-serif\">Das Hotel liegt direkt am Meer, in einer ruhigen Gegend am Strand von Ponente, nur wenige Schritte vom charmanten historischen Zentrum von Caorle entfernt. Den G\u00e4sten steht eine sch\u00f6ne Terrasse direkt am Meer zur Verf\u00fcgung, auf der Sie einen Aperitif oder einen erfrischenden Cocktail genie\u00dfen k\u00f6nnen, w\u00e4hrend Sie den Blick auf den Strand genie\u00dfen.<\/div>\t\t\t\t\t\t\t\t<\/div>\n\t\t\t\t<\/div>\n\t\t\t\t<\/div>\n\t\t<div class=\"elementor-element elementor-element-e51b5cc e-con-full e-flex e-con e-child\" data-id=\"e51b5cc\" data-element_type=\"container\">\n\t\t\t\t<div class=\"elementor-element elementor-element-595db45 elementor-widget__width-initial elementor-widget elementor-widget-image\" data-id=\"595db45\" data-element_type=\"widget\" data-settings=\"{&quot;motion_fx_motion_fx_scrolling&quot;:&quot;yes&quot;,&quot;motion_fx_translateY_effect&quot;:&quot;yes&quot;,&quot;motion_fx_translateY_speed&quot;:{&quot;unit&quot;:&quot;px&quot;,&quot;size&quot;:4,&quot;sizes&quot;:[]},&quot;motion_fx_translateY_affectedRange&quot;:{&quot;unit&quot;:&quot;%&quot;,&quot;size&quot;:&quot;&quot;,&quot;sizes&quot;:{&quot;start&quot;:0,&quot;end&quot;:100}},&quot;motion_fx_devices&quot;:[&quot;desktop&quot;,&quot;tablet&quot;,&quot;mobile&quot;]}\" data-widget_type=\"image.default\">\n\t\t\t\t<div class=\"elementor-widget-container\">\n\t\t\t\t\t\t\t\t\t\t\t\t\t\t\t<img fetchpriority=\"high\" decoding=\"async\" width=\"800\" height=\"534\" src=\"https:\/\/www.hotelparigi.it\/wp-content\/uploads\/2025\/03\/GIA_3304-HDR-1024x683.jpg\" class=\"attachment-large size-large wp-image-775\" alt=\"\" srcset=\"https:\/\/www.hotelparigi.it\/wp-content\/uploads\/2025\/03\/GIA_3304-HDR-1024x683.jpg 1024w, https:\/\/www.hotelparigi.it\/wp-content\/uploads\/2025\/03\/GIA_3304-HDR-300x200.jpg 300w, https:\/\/www.hotelparigi.it\/wp-content\/uploads\/2025\/03\/GIA_3304-HDR-768x512.jpg 768w, https:\/\/www.hotelparigi.it\/wp-content\/uploads\/2025\/03\/GIA_3304-HDR-1536x1024.jpg 1536w, https:\/\/www.hotelparigi.it\/wp-content\/uploads\/2025\/03\/GIA_3304-HDR-2048x1365.jpg 2048w\" sizes=\"(max-width: 800px) 100vw, 800px\" \/>\t\t\t\t\t\t\t\t\t\t\t\t\t\t\t<\/div>\n\t\t\t\t<\/div>\n\t\t\t\t<div class=\"elementor-element elementor-element-eb797a7 elementor-widget elementor-widget-image\" data-id=\"eb797a7\" data-element_type=\"widget\" data-settings=\"{&quot;motion_fx_motion_fx_scrolling&quot;:&quot;yes&quot;,&quot;motion_fx_translateY_effect&quot;:&quot;yes&quot;,&quot;motion_fx_translateY_speed&quot;:{&quot;unit&quot;:&quot;px&quot;,&quot;size&quot;:1.4,&quot;sizes&quot;:[]},&quot;motion_fx_translateY_affectedRange&quot;:{&quot;unit&quot;:&quot;%&quot;,&quot;size&quot;:&quot;&quot;,&quot;sizes&quot;:{&quot;start&quot;:0,&quot;end&quot;:100}},&quot;motion_fx_devices&quot;:[&quot;desktop&quot;,&quot;tablet&quot;,&quot;mobile&quot;]}\" data-widget_type=\"image.default\">\n\t\t\t\t<div class=\"elementor-widget-container\">\n\t\t\t\t\t\t\t\t\t\t\t\t\t\t\t<img decoding=\"async\" width=\"800\" height=\"534\" src=\"https:\/\/www.hotelparigi.it\/wp-content\/uploads\/2025\/03\/GIA_3307-HDR-1024x683.jpg\" class=\"attachment-large size-large wp-image-773\" alt=\"\" srcset=\"https:\/\/www.hotelparigi.it\/wp-content\/uploads\/2025\/03\/GIA_3307-HDR-1024x683.jpg 1024w, https:\/\/www.hotelparigi.it\/wp-content\/uploads\/2025\/03\/GIA_3307-HDR-300x200.jpg 300w, https:\/\/www.hotelparigi.it\/wp-content\/uploads\/2025\/03\/GIA_3307-HDR-768x512.jpg 768w, https:\/\/www.hotelparigi.it\/wp-content\/uploads\/2025\/03\/GIA_3307-HDR-1536x1024.jpg 1536w, https:\/\/www.hotelparigi.it\/wp-content\/uploads\/2025\/03\/GIA_3307-HDR-2048x1365.jpg 2048w\" sizes=\"(max-width: 800px) 100vw, 800px\" \/>\t\t\t\t\t\t\t\t\t\t\t\t\t\t\t<\/div>\n\t\t\t\t<\/div>\n\t\t\t\t<\/div>\n\t\t\t\t\t<\/div>\n\t\t\t\t<\/div>\n\t\t\t\t<\/div>\n\t\t<div class=\"elementor-element elementor-element-324f6bf8 e-con-full e-flex e-con e-parent\" data-id=\"324f6bf8\" data-element_type=\"container\" data-settings=\"{&quot;background_background&quot;:&quot;classic&quot;}\">\n\t\t<div class=\"elementor-element elementor-element-aebad31 e-flex e-con-boxed e-con e-child\" data-id=\"aebad31\" data-element_type=\"container\">\n\t\t\t\t\t<div class=\"e-con-inner\">\n\t\t<div class=\"elementor-element elementor-element-c39b87a e-con-full e-flex e-con e-child\" data-id=\"c39b87a\" data-element_type=\"container\">\n\t\t\t\t<div class=\"elementor-element elementor-element-7874e6a elementor-headline--style-rotate elementor-invisible elementor-widget elementor-widget-animated-headline\" data-id=\"7874e6a\" data-element_type=\"widget\" data-settings=\"{&quot;headline_style&quot;:&quot;rotate&quot;,&quot;animation_type&quot;:&quot;slide&quot;,&quot;rotating_text&quot;:&quot;Ideal&quot;,&quot;_animation&quot;:&quot;fadeInLeft&quot;,&quot;rotate_iteration_delay&quot;:2500}\" data-widget_type=\"animated-headline.default\">\n\t\t\t\t<div class=\"elementor-widget-container\">\n\t\t\t\t\t\t\t<h2 class=\"elementor-headline elementor-headline-animation-type-slide\">\n\t\t\t\t\t<span class=\"elementor-headline-plain-text elementor-headline-text-wrapper\">Standort<\/span>\n\t\t\t\t<span class=\"elementor-headline-dynamic-wrapper elementor-headline-text-wrapper\">\n\t\t\t\t\t<span class=\"elementor-headline-dynamic-text elementor-headline-text-active\">\n\t\t\t\tIdeal\t\t\t<\/span>\n\t\t\t\t\t\t<\/span>\n\t\t\t\t<\/h2>\n\t\t\t\t\t\t<\/div>\n\t\t\t\t<\/div>\n\t\t\t\t<div class=\"elementor-element elementor-element-d39aaa2 elementor-widget elementor-widget-text-editor\" data-id=\"d39aaa2\" data-element_type=\"widget\" data-widget_type=\"text-editor.default\">\n\t\t\t\t<div class=\"elementor-widget-container\">\n\t\t\t\t\t\t\t\t\t<p>15 Gehminuten von der charmanten Altstadt von Caorle entfernt, die Sie \u00fcber die sch\u00f6ne Strandpromenade erreichen k\u00f6nnen. Es ist auch ein idealer Ausgangspunkt f\u00fcr verschiedene Aktivit\u00e4ten wie <strong>Tennis, Padel <\/strong>und <strong>Minigolf<\/strong>, die Sie in der N\u00e4he finden k\u00f6nnen. T\u00e4gliche <strong>Strandunterhaltung<\/strong> wird f\u00fcr alle organisiert, mit Gruppenaktivit\u00e4ten wie Aerobic und Wassergymnastik.<\/p>\t\t\t\t\t\t\t\t<\/div>\n\t\t\t\t<\/div>\n\t\t\t\t<\/div>\n\t\t<div class=\"elementor-element elementor-element-361b007 e-con-full e-flex e-con e-child\" data-id=\"361b007\" data-element_type=\"container\">\n\t\t\t\t<div class=\"elementor-element elementor-element-7a0304d elementor-widget elementor-widget-image\" data-id=\"7a0304d\" data-element_type=\"widget\" data-widget_type=\"image.default\">\n\t\t\t\t<div class=\"elementor-widget-container\">\n\t\t\t\t\t\t\t\t\t\t\t\t\t\t\t<img decoding=\"async\" width=\"800\" height=\"533\" src=\"https:\/\/www.hotelparigi.it\/wp-content\/uploads\/2025\/03\/DJI_0809-1-1024x682.jpg\" class=\"attachment-large size-large wp-image-779\" alt=\"\" srcset=\"https:\/\/www.hotelparigi.it\/wp-content\/uploads\/2025\/03\/DJI_0809-1-1024x682.jpg 1024w, https:\/\/www.hotelparigi.it\/wp-content\/uploads\/2025\/03\/DJI_0809-1-300x200.jpg 300w, https:\/\/www.hotelparigi.it\/wp-content\/uploads\/2025\/03\/DJI_0809-1-768x512.jpg 768w, https:\/\/www.hotelparigi.it\/wp-content\/uploads\/2025\/03\/DJI_0809-1-1536x1023.jpg 1536w, https:\/\/www.hotelparigi.it\/wp-content\/uploads\/2025\/03\/DJI_0809-1-2048x1364.jpg 2048w\" sizes=\"(max-width: 800px) 100vw, 800px\" \/>\t\t\t\t\t\t\t\t\t\t\t\t\t\t\t<\/div>\n\t\t\t\t<\/div>\n\t\t\t\t<\/div>\n\t\t\t\t\t<\/div>\n\t\t\t\t<\/div>\n\t\t\t\t<\/div>\n\t\t\t\t<\/div>\n\t\t","protected":false},"excerpt":{"rendered":"<p>Hotels Paris Das Hotel liegt direkt am Meer, in einer ruhigen Gegend am Strand von Ponente, nur wenige Schritte vom charmanten historischen Zentrum von Caorle entfernt. Den G\u00e4sten steht eine sch\u00f6ne Terrasse direkt am Meer zur Verf\u00fcgung, auf der Sie einen Aperitif oder einen erfrischenden Cocktail genie\u00dfen k\u00f6nnen, w\u00e4hrend Sie den Blick auf den Strand [&hellip;]<\/p>\n","protected":false},"author":1,"featured_media":0,"parent":0,"menu_order":0,"comment_status":"closed","ping_status":"closed","template":"elementor_header_footer","meta":{"footnotes":""},"class_list":["post-1020","page","type-page","status-publish","hentry"],"yoast_head":"<!-- This site is optimized with the Yoast SEO plugin v26.6 - https:\/\/yoast.com\/wordpress\/plugins\/seo\/ -->\n<title>Hotels - Hotel Parigi<\/title>\n<meta name=\"robots\" content=\"index, follow, max-snippet:-1, max-image-preview:large, max-video-preview:-1\" \/>\n<link rel=\"canonical\" href=\"https:\/\/www.hotelparigi.it\/de\/hotels\/\" \/>\n<meta property=\"og:locale\" content=\"de_DE\" \/>\n<meta property=\"og:type\" content=\"article\" \/>\n<meta property=\"og:title\" content=\"Hotels - Hotel Parigi\" \/>\n<meta property=\"og:description\" content=\"Hotels Paris Das Hotel liegt direkt am Meer, in einer ruhigen Gegend am Strand von Ponente, nur wenige Schritte vom charmanten historischen Zentrum von Caorle entfernt. Den G\u00e4sten steht eine sch\u00f6ne Terrasse direkt am Meer zur Verf\u00fcgung, auf der Sie einen Aperitif oder einen erfrischenden Cocktail genie\u00dfen k\u00f6nnen, w\u00e4hrend Sie den Blick auf den Strand [&hellip;]\" \/>\n<meta property=\"og:url\" content=\"https:\/\/www.hotelparigi.it\/de\/hotels\/\" \/>\n<meta property=\"og:site_name\" content=\"Hotel Parigi\" \/>\n<meta property=\"article:publisher\" content=\"https:\/\/www.facebook.com\/HotelParigiCaorle3stelle\" \/>\n<meta property=\"article:modified_time\" content=\"2025-04-13T10:42:09+00:00\" \/>\n<meta property=\"og:image\" content=\"https:\/\/www.hotelparigi.it\/wp-content\/uploads\/2025\/03\/GIA_3304-HDR-scaled.jpg\" \/>\n\t<meta property=\"og:image:width\" content=\"2560\" \/>\n\t<meta property=\"og:image:height\" content=\"1707\" \/>\n\t<meta property=\"og:image:type\" content=\"image\/jpeg\" \/>\n<meta name=\"twitter:card\" content=\"summary_large_image\" \/>\n<meta name=\"twitter:label1\" content=\"Gesch\u00e4tzte Lesezeit\" \/>\n\t<meta name=\"twitter:data1\" content=\"1\u00a0Minute\" \/>\n<script type=\"application\/ld+json\" class=\"yoast-schema-graph\">{\"@context\":\"https:\/\/schema.org\",\"@graph\":[{\"@type\":\"WebPage\",\"@id\":\"https:\/\/www.hotelparigi.it\/de\/hotels\/\",\"url\":\"https:\/\/www.hotelparigi.it\/de\/hotels\/\",\"name\":\"Hotels - Hotel Parigi\",\"isPartOf\":{\"@id\":\"https:\/\/www.hotelparigi.it\/#website\"},\"primaryImageOfPage\":{\"@id\":\"https:\/\/www.hotelparigi.it\/de\/hotels\/#primaryimage\"},\"image\":{\"@id\":\"https:\/\/www.hotelparigi.it\/de\/hotels\/#primaryimage\"},\"thumbnailUrl\":\"https:\/\/www.hotelparigi.it\/wp-content\/uploads\/2025\/03\/GIA_3304-HDR-1024x683.jpg\",\"datePublished\":\"2025-03-02T12:44:23+00:00\",\"dateModified\":\"2025-04-13T10:42:09+00:00\",\"breadcrumb\":{\"@id\":\"https:\/\/www.hotelparigi.it\/de\/hotels\/#breadcrumb\"},\"inLanguage\":\"de\",\"potentialAction\":[{\"@type\":\"ReadAction\",\"target\":[\"https:\/\/www.hotelparigi.it\/de\/hotels\/\"]}]},{\"@type\":\"ImageObject\",\"inLanguage\":\"de\",\"@id\":\"https:\/\/www.hotelparigi.it\/de\/hotels\/#primaryimage\",\"url\":\"https:\/\/www.hotelparigi.it\/wp-content\/uploads\/2025\/03\/GIA_3304-HDR-1024x683.jpg\",\"contentUrl\":\"https:\/\/www.hotelparigi.it\/wp-content\/uploads\/2025\/03\/GIA_3304-HDR-1024x683.jpg\"},{\"@type\":\"BreadcrumbList\",\"@id\":\"https:\/\/www.hotelparigi.it\/de\/hotels\/#breadcrumb\",\"itemListElement\":[{\"@type\":\"ListItem\",\"position\":1,\"name\":\"Home\",\"item\":\"https:\/\/www.hotelparigi.it\/de\/startseite\/\"},{\"@type\":\"ListItem\",\"position\":2,\"name\":\"Hotels\"}]},{\"@type\":\"WebSite\",\"@id\":\"https:\/\/www.hotelparigi.it\/#website\",\"url\":\"https:\/\/www.hotelparigi.it\/\",\"name\":\"Hotel Parigi\",\"description\":\"Hotel fronte mare con cucina a Caorle\",\"publisher\":{\"@id\":\"https:\/\/www.hotelparigi.it\/#organization\"},\"potentialAction\":[{\"@type\":\"SearchAction\",\"target\":{\"@type\":\"EntryPoint\",\"urlTemplate\":\"https:\/\/www.hotelparigi.it\/?s={search_term_string}\"},\"query-input\":{\"@type\":\"PropertyValueSpecification\",\"valueRequired\":true,\"valueName\":\"search_term_string\"}}],\"inLanguage\":\"de\"},{\"@type\":\"Organization\",\"@id\":\"https:\/\/www.hotelparigi.it\/#organization\",\"name\":\"Hotel Parigi\",\"url\":\"https:\/\/www.hotelparigi.it\/\",\"logo\":{\"@type\":\"ImageObject\",\"inLanguage\":\"de\",\"@id\":\"https:\/\/www.hotelparigi.it\/#\/schema\/logo\/image\/\",\"url\":\"https:\/\/www.hotelparigi.it\/wp-content\/uploads\/2025\/02\/logo-hotel-parigi.png\",\"contentUrl\":\"https:\/\/www.hotelparigi.it\/wp-content\/uploads\/2025\/02\/logo-hotel-parigi.png\",\"width\":1200,\"height\":242,\"caption\":\"Hotel Parigi\"},\"image\":{\"@id\":\"https:\/\/www.hotelparigi.it\/#\/schema\/logo\/image\/\"},\"sameAs\":[\"https:\/\/www.facebook.com\/HotelParigiCaorle3stelle\",\"https:\/\/www.instagram.com\/hotelcaorlefrontemare\/\"]}]}<\/script>\n<!-- \/ Yoast SEO plugin. -->","yoast_head_json":{"title":"Hotels - Hotel Parigi","robots":{"index":"index","follow":"follow","max-snippet":"max-snippet:-1","max-image-preview":"max-image-preview:large","max-video-preview":"max-video-preview:-1"},"canonical":"https:\/\/www.hotelparigi.it\/de\/hotels\/","og_locale":"de_DE","og_type":"article","og_title":"Hotels - Hotel Parigi","og_description":"Hotels Paris Das Hotel liegt direkt am Meer, in einer ruhigen Gegend am Strand von Ponente, nur wenige Schritte vom charmanten historischen Zentrum von Caorle entfernt. Den G\u00e4sten steht eine sch\u00f6ne Terrasse direkt am Meer zur Verf\u00fcgung, auf der Sie einen Aperitif oder einen erfrischenden Cocktail genie\u00dfen k\u00f6nnen, w\u00e4hrend Sie den Blick auf den Strand [&hellip;]","og_url":"https:\/\/www.hotelparigi.it\/de\/hotels\/","og_site_name":"Hotel Parigi","article_publisher":"https:\/\/www.facebook.com\/HotelParigiCaorle3stelle","article_modified_time":"2025-04-13T10:42:09+00:00","og_image":[{"width":2560,"height":1707,"url":"https:\/\/www.hotelparigi.it\/wp-content\/uploads\/2025\/03\/GIA_3304-HDR-scaled.jpg","type":"image\/jpeg"}],"twitter_card":"summary_large_image","twitter_misc":{"Gesch\u00e4tzte Lesezeit":"1\u00a0Minute"},"schema":{"@context":"https:\/\/schema.org","@graph":[{"@type":"WebPage","@id":"https:\/\/www.hotelparigi.it\/de\/hotels\/","url":"https:\/\/www.hotelparigi.it\/de\/hotels\/","name":"Hotels - Hotel Parigi","isPartOf":{"@id":"https:\/\/www.hotelparigi.it\/#website"},"primaryImageOfPage":{"@id":"https:\/\/www.hotelparigi.it\/de\/hotels\/#primaryimage"},"image":{"@id":"https:\/\/www.hotelparigi.it\/de\/hotels\/#primaryimage"},"thumbnailUrl":"https:\/\/www.hotelparigi.it\/wp-content\/uploads\/2025\/03\/GIA_3304-HDR-1024x683.jpg","datePublished":"2025-03-02T12:44:23+00:00","dateModified":"2025-04-13T10:42:09+00:00","breadcrumb":{"@id":"https:\/\/www.hotelparigi.it\/de\/hotels\/#breadcrumb"},"inLanguage":"de","potentialAction":[{"@type":"ReadAction","target":["https:\/\/www.hotelparigi.it\/de\/hotels\/"]}]},{"@type":"ImageObject","inLanguage":"de","@id":"https:\/\/www.hotelparigi.it\/de\/hotels\/#primaryimage","url":"https:\/\/www.hotelparigi.it\/wp-content\/uploads\/2025\/03\/GIA_3304-HDR-1024x683.jpg","contentUrl":"https:\/\/www.hotelparigi.it\/wp-content\/uploads\/2025\/03\/GIA_3304-HDR-1024x683.jpg"},{"@type":"BreadcrumbList","@id":"https:\/\/www.hotelparigi.it\/de\/hotels\/#breadcrumb","itemListElement":[{"@type":"ListItem","position":1,"name":"Home","item":"https:\/\/www.hotelparigi.it\/de\/startseite\/"},{"@type":"ListItem","position":2,"name":"Hotels"}]},{"@type":"WebSite","@id":"https:\/\/www.hotelparigi.it\/#website","url":"https:\/\/www.hotelparigi.it\/","name":"Hotel Parigi","description":"Hotel fronte mare con cucina a Caorle","publisher":{"@id":"https:\/\/www.hotelparigi.it\/#organization"},"potentialAction":[{"@type":"SearchAction","target":{"@type":"EntryPoint","urlTemplate":"https:\/\/www.hotelparigi.it\/?s={search_term_string}"},"query-input":{"@type":"PropertyValueSpecification","valueRequired":true,"valueName":"search_term_string"}}],"inLanguage":"de"},{"@type":"Organization","@id":"https:\/\/www.hotelparigi.it\/#organization","name":"Hotel Parigi","url":"https:\/\/www.hotelparigi.it\/","logo":{"@type":"ImageObject","inLanguage":"de","@id":"https:\/\/www.hotelparigi.it\/#\/schema\/logo\/image\/","url":"https:\/\/www.hotelparigi.it\/wp-content\/uploads\/2025\/02\/logo-hotel-parigi.png","contentUrl":"https:\/\/www.hotelparigi.it\/wp-content\/uploads\/2025\/02\/logo-hotel-parigi.png","width":1200,"height":242,"caption":"Hotel Parigi"},"image":{"@id":"https:\/\/www.hotelparigi.it\/#\/schema\/logo\/image\/"},"sameAs":["https:\/\/www.facebook.com\/HotelParigiCaorle3stelle","https:\/\/www.instagram.com\/hotelcaorlefrontemare\/"]}]}},"_links":{"self":[{"href":"https:\/\/www.hotelparigi.it\/de\/wp-json\/wp\/v2\/pages\/1020","targetHints":{"allow":["GET"]}}],"collection":[{"href":"https:\/\/www.hotelparigi.it\/de\/wp-json\/wp\/v2\/pages"}],"about":[{"href":"https:\/\/www.hotelparigi.it\/de\/wp-json\/wp\/v2\/types\/page"}],"author":[{"embeddable":true,"href":"https:\/\/www.hotelparigi.it\/de\/wp-json\/wp\/v2\/users\/1"}],"replies":[{"embeddable":true,"href":"https:\/\/www.hotelparigi.it\/de\/wp-json\/wp\/v2\/comments?post=1020"}],"version-history":[{"count":4,"href":"https:\/\/www.hotelparigi.it\/de\/wp-json\/wp\/v2\/pages\/1020\/revisions"}],"predecessor-version":[{"id":1159,"href":"https:\/\/www.hotelparigi.it\/de\/wp-json\/wp\/v2\/pages\/1020\/revisions\/1159"}],"wp:attachment":[{"href":"https:\/\/www.hotelparigi.it\/de\/wp-json\/wp\/v2\/media?parent=1020"}],"curies":[{"name":"wp","href":"https:\/\/api.w.org\/{rel}","templated":true}]}}